{"id":327,"date":"2021-12-08T20:45:49","date_gmt":"2021-12-08T19:45:49","guid":{"rendered":"https:\/\/elenagareppe.com\/?page_id=327"},"modified":"2022-10-18T17:11:56","modified_gmt":"2022-10-18T15:11:56","slug":"blog","status":"publish","type":"page","link":"https:\/\/elenagareppe.com\/es_es\/blog\/","title":{"rendered":"Blog"},"content":{"rendered":"\t\t<div data-elementor-type=\"wp-page\" data-elementor-id=\"327\" class=\"elementor elementor-327\">\n\t\t\t\t\t\t<section class=\"elementor-section elementor-top-section elementor-element elementor-element-e8f2fa0 elementor-section-boxed elementor-section-height-default elementor-section-height-default\" data-id=\"e8f2fa0\" data-element_type=\"section\">\n\t\t\t\t\t\t<div class=\"elementor-container elementor-column-gap-default\">\n\t\t\t\t\t<div class=\"elementor-column elementor-col-100 elementor-top-column elementor-element elementor-element-d550e59\" data-id=\"d550e59\" data-element_type=\"column\">\n\t\t\t<div class=\"elementor-widget-wrap elementor-element-populated\">\n\t\t\t\t\t\t<div class=\"elementor-element elementor-element-c2f572a elementor-widget elementor-widget-spacer\" data-id=\"c2f572a\" data-element_type=\"widget\" data-widget_type=\"spacer.default\">\n\t\t\t\t<div class=\"elementor-widget-container\">\n\t\t\t\t\t\t\t<div class=\"elementor-spacer\">\n\t\t\t<div class=\"elementor-spacer-inner\"><\/div>\n\t\t<\/div>\n\t\t\t\t\t\t<\/div>\n\t\t\t\t<\/div>\n\t\t\t\t\t<\/div>\n\t\t<\/div>\n\t\t\t\t\t<\/div>\n\t\t<\/section>\n\t\t\t\t<section class=\"elementor-section elementor-top-section elementor-element elementor-element-5784c30 elementor-section-boxed elementor-section-height-default elementor-section-height-default\" data-id=\"5784c30\" data-element_type=\"section\">\n\t\t\t\t\t\t<div class=\"elementor-container elementor-column-gap-default\">\n\t\t\t\t\t<div class=\"elementor-column elementor-col-100 elementor-top-column elementor-element elementor-element-f66baf7\" data-id=\"f66baf7\" data-element_type=\"column\">\n\t\t\t<div class=\"elementor-widget-wrap elementor-element-populated\">\n\t\t\t\t\t\t<div class=\"elementor-element elementor-element-0a687b0 elementor-invisible elementor-widget elementor-widget-heading\" data-id=\"0a687b0\" data-element_type=\"widget\" data-settings=\"{&quot;_animation&quot;:&quot;fadeInLeft&quot;}\" data-widget_type=\"heading.default\">\n\t\t\t\t<div class=\"elementor-widget-container\">\n\t\t\t\t\t<h2 class=\"elementor-heading-title elementor-size-default\">Blog<\/h2>\t\t\t\t<\/div>\n\t\t\t\t<\/div>\n\t\t\t\t\t<\/div>\n\t\t<\/div>\n\t\t\t\t\t<\/div>\n\t\t<\/section>\n\t\t\t\t<section class=\"elementor-section elementor-top-section elementor-element elementor-element-44e41d7 elementor-section-boxed elementor-section-height-default elementor-section-height-default\" data-id=\"44e41d7\" data-element_type=\"section\">\n\t\t\t\t\t\t<div class=\"elementor-container elementor-column-gap-default\">\n\t\t\t\t\t<div class=\"elementor-column elementor-col-100 elementor-top-column elementor-element elementor-element-aeaa76a\" data-id=\"aeaa76a\" data-element_type=\"column\">\n\t\t\t<div class=\"elementor-widget-wrap elementor-element-populated\">\n\t\t\t\t\t\t<div class=\"elementor-element elementor-element-1489da5 elementor-invisible elementor-widget elementor-widget-text-editor\" data-id=\"1489da5\" data-element_type=\"widget\" data-settings=\"{&quot;_animation&quot;:&quot;fadeInLeft&quot;}\" data-widget_type=\"text-editor.default\">\n\t\t\t\t<div class=\"elementor-widget-container\">\n\t\t\t\t\t\t\t\t\t<p>Les invito a ver todos art\u00edculos publicados.<\/p>\t\t\t\t\t\t\t\t<\/div>\n\t\t\t\t<\/div>\n\t\t\t\t\t<\/div>\n\t\t<\/div>\n\t\t\t\t\t<\/div>\n\t\t<\/section>\n\t\t\t\t<section class=\"elementor-section elementor-top-section elementor-element elementor-element-7d91223 elementor-section-boxed elementor-section-height-default elementor-section-height-default\" data-id=\"7d91223\" data-element_type=\"section\">\n\t\t\t\t\t\t<div class=\"elementor-container elementor-column-gap-default\">\n\t\t\t\t\t<div class=\"elementor-column elementor-col-100 elementor-top-column elementor-element elementor-element-5877721\" data-id=\"5877721\" data-element_type=\"column\">\n\t\t\t<div class=\"elementor-widget-wrap elementor-element-populated\">\n\t\t\t\t\t\t<div class=\"elementor-element elementor-element-7047ab8 elementor-widget elementor-widget-spacer\" data-id=\"7047ab8\" data-element_type=\"widget\" data-widget_type=\"spacer.default\">\n\t\t\t\t<div class=\"elementor-widget-container\">\n\t\t\t\t\t\t\t<div class=\"elementor-spacer\">\n\t\t\t<div class=\"elementor-spacer-inner\"><\/div>\n\t\t<\/div>\n\t\t\t\t\t\t<\/div>\n\t\t\t\t<\/div>\n\t\t\t\t\t<\/div>\n\t\t<\/div>\n\t\t\t\t\t<\/div>\n\t\t<\/section>\n\t\t\t\t<section class=\"elementor-section elementor-top-section elementor-element elementor-element-01f5bbd elementor-section-boxed elementor-section-height-default elementor-section-height-default\" data-id=\"01f5bbd\" data-element_type=\"section\">\n\t\t\t\t\t\t<div class=\"elementor-container elementor-column-gap-default\">\n\t\t\t\t\t<div class=\"elementor-column elementor-col-100 elementor-top-column elementor-element elementor-element-7879e21\" data-id=\"7879e21\" data-element_type=\"column\">\n\t\t\t<div class=\"elementor-widget-wrap elementor-element-populated\">\n\t\t\t\t\t\t<div class=\"elementor-element elementor-element-7a6d7f3 anwp-pg-widget-header-style--b anwp-pg-post-teaser__post-icon--size-16 elementor-invisible elementor-widget elementor-widget-anwp-pg-classic-grid\" data-id=\"7a6d7f3\" data-element_type=\"widget\" data-settings=\"{&quot;_animation&quot;:&quot;fadeInLeft&quot;}\" data-widget_type=\"anwp-pg-classic-grid.default\">\n\t\t\t\t<div class=\"elementor-widget-container\">\n\t\t\t\t\t<div class=\"anwp-pg-wrap\">\n\n\t\n\t<div class=\"d-flex anwp-row flex-wrap anwp-pg-classic-grid anwp-pg-posts-wrapper\">\n\t\t<div class=\"anwp-pg-post-teaser anwp-pg-post-teaser--inner-cover-link anwp-pg-post-teaser--layout-d d-flex flex-column anwp-col-lg-4 anwp-col-sm-6 anwp-col-12 anwp-pg-post-teaser--has-comments-meta anwp-pg-post-teaser--with-read-more \">\n\t<div class=\"anwp-pg-post-teaser__thumbnail position-relative\">\n\n\t\t\n\t\t\n\t\t\t\t\t<img loading=\"lazy\" class=\"anwp-pg-post-teaser__thumbnail-img d-block anwp-pg-height-180 anwp-object-cover m-0 w-100\"\n\t\t\t\talt=\"Momentos\"\n\t\t\t\tsrc=\"https:\/\/elenagareppe.com\/wp-content\/uploads\/2024\/09\/7501_pexelskeenanconstance2865901_611516.jpg\"\/>\n\t\t\n\t\t<div class=\"anwp-pg-post-teaser__thumbnail-bg anwp-position-cover\"><\/div>\n\n\t\t<a class=\"anwp-position-cover anwp-link-without-effects\" href=\"https:\/\/elenagareppe.com\/es_es\/momentos\/\" aria-hidden=\"true\" ><\/a>\n\t<\/div>\n\n\t<div class=\"anwp-pg-post-teaser__content flex-grow-1 pt-1 d-flex flex-column\">\n\n\t\t<div class=\"anwp-pg-post-teaser__title anwp-font-heading mt-2\">\n\t\t\t<a class=\"anwp-link-without-effects\" href=\"https:\/\/elenagareppe.com\/es_es\/momentos\/\" aria-hidden=\"true\" >\n\t\t\t\tMomentos\t\t\t<\/a>\n\t\t<\/div>\n\n\t\t<div class=\"anwp-pg-post-teaser__bottom-meta d-flex flex-wrap\">\n\n\t\t\t\t\t\t\t\t<div class=\"anwp-pg-post-teaser__bottom-meta-item d-flex align-items-center mr-3\">\n\t\t\t\t\t\t<svg class=\"anwp-pg-icon anwp-pg-icon--s16 mr-1\">\n\t\t\t\t\t\t\t<use xlink:href=\"#icon-anwp-pg-comment-discussion\"><\/use>\n\t\t\t\t\t\t<\/svg>\n\t\t\t\t\t\t0\t\t\t\t\t<\/div>\n\t\t\t\t\t\n\t\t\t\t\t<\/div>\n\n\t\t\t\t\t<div class=\"anwp-pg-post-teaser__excerpt mb-2\">\n\t\t\t\tQui\u00e9n dir\u00eda que teniendo tantos amigos que se encargaban cada d\u00eda de alejarlo de nosotras, hoy, en este d\u00eda tan especial, solo estamos nosotras y un par de amigos m\u00edos. ...\t\t\t<\/div>\n\t\t\n\t\t\t\t\t<div class=\"w-100 anwp-pg-read-more mt-auto\">\n\t\t\t\t<a href=\"https:\/\/elenagareppe.com\/es_es\/momentos\/\" \t\t\t\t\tclass=\"anwp-pg-read-more__btn mt-3 mb-0 btn btn-light\">\n\t\t\t\t\tLeer m\u00e1s\t\t\t\t<\/a>\n\t\t\t<\/div>\n\t\t\n\t<\/div>\n\n<\/div>\n<div class=\"anwp-pg-post-teaser anwp-pg-post-teaser--inner-cover-link anwp-pg-post-teaser--layout-d d-flex flex-column anwp-col-lg-4 anwp-col-sm-6 anwp-col-12 anwp-pg-post-teaser--has-comments-meta anwp-pg-post-teaser--with-read-more \">\n\t<div class=\"anwp-pg-post-teaser__thumbnail position-relative\">\n\n\t\t\n\t\t\n\t\t\t\t\t<img loading=\"lazy\" class=\"anwp-pg-post-teaser__thumbnail-img d-block anwp-pg-height-180 anwp-object-cover m-0 w-100\"\n\t\t\t\talt=\"Qu\u00e9 me llev\u00f3 a leer el Tarot?\"\n\t\t\t\tsrc=\"https:\/\/elenagareppe.com\/wp-content\/uploads\/2024\/09\/blog-3-1024x764.jpg\"\/>\n\t\t\n\t\t<div class=\"anwp-pg-post-teaser__thumbnail-bg anwp-position-cover\"><\/div>\n\n\t\t<a class=\"anwp-position-cover anwp-link-without-effects\" href=\"https:\/\/elenagareppe.com\/es_es\/que-me-llevo-a-leer-el-tarot-2\/\" aria-hidden=\"true\" ><\/a>\n\t<\/div>\n\n\t<div class=\"anwp-pg-post-teaser__content flex-grow-1 pt-1 d-flex flex-column\">\n\n\t\t<div class=\"anwp-pg-post-teaser__title anwp-font-heading mt-2\">\n\t\t\t<a class=\"anwp-link-without-effects\" href=\"https:\/\/elenagareppe.com\/es_es\/que-me-llevo-a-leer-el-tarot-2\/\" aria-hidden=\"true\" >\n\t\t\t\tQu\u00e9 me llev\u00f3 a leer el Tarot?\t\t\t<\/a>\n\t\t<\/div>\n\n\t\t<div class=\"anwp-pg-post-teaser__bottom-meta d-flex flex-wrap\">\n\n\t\t\t\t\t\t\t\t<div class=\"anwp-pg-post-teaser__bottom-meta-item d-flex align-items-center mr-3\">\n\t\t\t\t\t\t<svg class=\"anwp-pg-icon anwp-pg-icon--s16 mr-1\">\n\t\t\t\t\t\t\t<use xlink:href=\"#icon-anwp-pg-comment-discussion\"><\/use>\n\t\t\t\t\t\t<\/svg>\n\t\t\t\t\t\t0\t\t\t\t\t<\/div>\n\t\t\t\t\t\n\t\t\t\t\t<\/div>\n\n\t\t\t\t\t<div class=\"anwp-pg-post-teaser__excerpt mb-2\">\n\t\t\t\tEn realidad, siempre me fascin\u00f3 la lectura de las cartas pero nunca pens\u00e9 que yo pudiera hacerlo, hasta que alguien me sugiri\u00f3 que aprendiera a leer el Tarot. Mi pensamiento ...\t\t\t<\/div>\n\t\t\n\t\t\t\t\t<div class=\"w-100 anwp-pg-read-more mt-auto\">\n\t\t\t\t<a href=\"https:\/\/elenagareppe.com\/es_es\/que-me-llevo-a-leer-el-tarot-2\/\" \t\t\t\t\tclass=\"anwp-pg-read-more__btn mt-3 mb-0 btn btn-light\">\n\t\t\t\t\tLeer m\u00e1s\t\t\t\t<\/a>\n\t\t\t<\/div>\n\t\t\n\t<\/div>\n\n<\/div>\n<div class=\"anwp-pg-post-teaser anwp-pg-post-teaser--inner-cover-link anwp-pg-post-teaser--layout-d d-flex flex-column anwp-col-lg-4 anwp-col-sm-6 anwp-col-12 anwp-pg-post-teaser--with-read-more \">\n\t<div class=\"anwp-pg-post-teaser__thumbnail position-relative\">\n\n\t\t\n\t\t\n\t\t\t\t\t<img loading=\"lazy\" class=\"anwp-pg-post-teaser__thumbnail-img d-block anwp-pg-height-180 anwp-object-cover m-0 w-100\"\n\t\t\t\talt=\"Promo de inaguraci\u00f3n!!!\"\n\t\t\t\tsrc=\"https:\/\/elenagareppe.com\/wp-content\/uploads\/2021\/12\/blog-11-1024x764.jpg\"\/>\n\t\t\n\t\t<div class=\"anwp-pg-post-teaser__thumbnail-bg anwp-position-cover\"><\/div>\n\n\t\t<a class=\"anwp-position-cover anwp-link-without-effects\" href=\"https:\/\/elenagareppe.com\/es_es\/oferta-inicial\/\" aria-hidden=\"true\" ><\/a>\n\t<\/div>\n\n\t<div class=\"anwp-pg-post-teaser__content flex-grow-1 pt-1 d-flex flex-column\">\n\n\t\t<div class=\"anwp-pg-post-teaser__title anwp-font-heading mt-2\">\n\t\t\t<a class=\"anwp-link-without-effects\" href=\"https:\/\/elenagareppe.com\/es_es\/oferta-inicial\/\" aria-hidden=\"true\" >\n\t\t\t\tPromo de inaguraci\u00f3n!!!\t\t\t<\/a>\n\t\t<\/div>\n\n\t\t<div class=\"anwp-pg-post-teaser__bottom-meta d-flex flex-wrap\">\n\n\t\t\t\n\t\t\t\t\t<\/div>\n\n\t\t\t\t\t<div class=\"anwp-pg-post-teaser__excerpt mb-2\">\n\t\t\t\tPara estrenar este Blog, tengo una promo especial: las tres primeras personas que hagan un comentario...\t\t\t<\/div>\n\t\t\n\t\t\t\t\t<div class=\"w-100 anwp-pg-read-more mt-auto\">\n\t\t\t\t<a href=\"https:\/\/elenagareppe.com\/es_es\/oferta-inicial\/\" \t\t\t\t\tclass=\"anwp-pg-read-more__btn mt-3 mb-0 btn btn-light\">\n\t\t\t\t\tLeer m\u00e1s\t\t\t\t<\/a>\n\t\t\t<\/div>\n\t\t\n\t<\/div>\n\n<\/div>\n<div class=\"anwp-pg-post-teaser anwp-pg-post-teaser--inner-cover-link anwp-pg-post-teaser--layout-d d-flex flex-column anwp-col-lg-4 anwp-col-sm-6 anwp-col-12 anwp-pg-post-teaser--with-read-more \">\n\t<div class=\"anwp-pg-post-teaser__thumbnail position-relative\">\n\n\t\t\n\t\t\n\t\t\t\t\t<img loading=\"lazy\" class=\"anwp-pg-post-teaser__thumbnail-img d-block anwp-pg-height-180 anwp-object-cover m-0 w-100\"\n\t\t\t\talt=\"Conozca mi sitio web\"\n\t\t\t\tsrc=\"https:\/\/elenagareppe.com\/wp-content\/uploads\/2021\/12\/blog-8-1024x764.jpg\"\/>\n\t\t\n\t\t<div class=\"anwp-pg-post-teaser__thumbnail-bg anwp-position-cover\"><\/div>\n\n\t\t<a class=\"anwp-position-cover anwp-link-without-effects\" href=\"https:\/\/elenagareppe.com\/es_es\/conozca-mi-sitio-web\/\" aria-hidden=\"true\" ><\/a>\n\t<\/div>\n\n\t<div class=\"anwp-pg-post-teaser__content flex-grow-1 pt-1 d-flex flex-column\">\n\n\t\t<div class=\"anwp-pg-post-teaser__title anwp-font-heading mt-2\">\n\t\t\t<a class=\"anwp-link-without-effects\" href=\"https:\/\/elenagareppe.com\/es_es\/conozca-mi-sitio-web\/\" aria-hidden=\"true\" >\n\t\t\t\tConozca mi sitio web\t\t\t<\/a>\n\t\t<\/div>\n\n\t\t<div class=\"anwp-pg-post-teaser__bottom-meta d-flex flex-wrap\">\n\n\t\t\t\n\t\t\t\t\t<\/div>\n\n\t\t\t\t\t<div class=\"anwp-pg-post-teaser__excerpt mb-2\">\n\t\t\t\tLes invito a conocer mi sitio web, y no se pierda la oferta de inaguraci\u00f3n.\t\t\t<\/div>\n\t\t\n\t\t\t\t\t<div class=\"w-100 anwp-pg-read-more mt-auto\">\n\t\t\t\t<a href=\"https:\/\/elenagareppe.com\/es_es\/conozca-mi-sitio-web\/\" \t\t\t\t\tclass=\"anwp-pg-read-more__btn mt-3 mb-0 btn btn-light\">\n\t\t\t\t\tLeer m\u00e1s\t\t\t\t<\/a>\n\t\t\t<\/div>\n\t\t\n\t<\/div>\n\n<\/div>\n\t<\/div>\n\t\n\t<\/div>\n\t\t\t\t<\/div>\n\t\t\t\t<\/div>\n\t\t\t\t\t<\/div>\n\t\t<\/div>\n\t\t\t\t\t<\/div>\n\t\t<\/section>\n\t\t\t\t<section class=\"elementor-section elementor-top-section elementor-element elementor-element-9c135dc elementor-section-boxed elementor-section-height-default elementor-section-height-default\" data-id=\"9c135dc\" data-element_type=\"section\">\n\t\t\t\t\t\t<div class=\"elementor-container elementor-column-gap-default\">\n\t\t\t\t\t<div class=\"elementor-column elementor-col-100 elementor-top-column elementor-element elementor-element-3b184d8\" data-id=\"3b184d8\" data-element_type=\"column\">\n\t\t\t<div class=\"elementor-widget-wrap elementor-element-populated\">\n\t\t\t\t\t\t<div class=\"elementor-element elementor-element-845ec9f elementor-widget elementor-widget-spacer\" data-id=\"845ec9f\" data-element_type=\"widget\" data-widget_type=\"spacer.default\">\n\t\t\t\t<div class=\"elementor-widget-container\">\n\t\t\t\t\t\t\t<div class=\"elementor-spacer\">\n\t\t\t<div class=\"elementor-spacer-inner\"><\/div>\n\t\t<\/div>\n\t\t\t\t\t\t<\/div>\n\t\t\t\t<\/div>\n\t\t\t\t\t<\/div>\n\t\t<\/div>\n\t\t\t\t\t<\/div>\n\t\t<\/section>\n\t\t\t\t<\/div>\n\t\t","protected":false},"excerpt":{"rendered":"<p>Blog Les invito a ver todos art\u00edculos publicados. Publicaci\u00f3n 10 0 Dicunt percipit deserunt ut usu. Aliquip delenit an eam, vocent vituperata vim ea. Ei mollis audire interpretaris cum, ei impedit fierent sea. Ius at homero noster prompta, ea sit dignissim &#8230; Leer m\u00e1s Publicaci\u00f3n 9 0 Id sea utamur aperiam, te per choro accusamus consulatu. Brute munere corrumpit ut pri. Ea ipsum appareat erroribus mea. Mei probo inani aliquid ad. Omnis fabulas concludaturque an vix, an &#8230; Leer m\u00e1s Publicaci\u00f3n 8 0 At quaeque adversarium ius, sed at integre persius verterem. Sit summo tibique at, eam et fugit complectitur, vis te natum vivendum mandamus. Iudico quodsi cum ad, dicit everti sensibus in &#8230; Leer m\u00e1s Publicaci\u00f3n 7 0 Lorem ipsum dolor sit amet, consectetuer adipiscing elit, sed diam nonummy nibh euismod tincidunt ut laoreet dolore magna aliquam erat volutpat. Ut wisi enim ad minim veniam, quis nostrud exerci &#8230; Leer m\u00e1s Publicaci\u00f3n 6 0 Mei eu mollis albucius, ex nisl contentiones vix. Duo persius volutpat at, cu iuvaret epicuri mei. Duo posse pertinacia no, ex dolor contentiones mea. Nec omnium utamur dignissim ne. Mundi &#8230; Leer m\u00e1s Publicaci\u00f3n 5 0 Id sea utamur aperiam, te per choro accusamus consulatu. Brute munere corrumpit ut pri. Ea ipsum appareat erroribus mea. Mei probo inani aliquid ad. Omnis fabulas concludaturque an vix, an &#8230; Leer m\u00e1s Publicaci\u00f3n 4 0 Dicunt percipit deserunt ut usu. Aliquip delenit an eam, vocent vituperata vim ea. Ei mollis audire interpretaris cum, ei impedit fierent sea. Ius at homero noster prompta, ea sit dignissim &#8230; Leer m\u00e1s Publicaci\u00f3n 3 0 Id sea utamur aperiam, te per choro accusamus consulatu. Brute munere corrumpit ut pri. Ea ipsum appareat erroribus mea. Mei probo inani aliquid ad. Omnis fabulas concludaturque an vix, an &#8230; Leer m\u00e1s Publicaci\u00f3n 2 0 Lorem ipsum dolor sit amet, consectetuer adipiscing elit, sed diam nonummy nibh euismod tincidunt ut laoreet dolore magna aliquam erat volutpat. Ut wisi enim ad minim veniam, quis nostrud exerci &#8230; Leer m\u00e1s<\/p>\n","protected":false},"author":1,"featured_media":0,"parent":0,"menu_order":0,"comment_status":"closed","ping_status":"closed","template":"elementor_header_footer","meta":{"footnotes":""},"class_list":["post-327","page","type-page","status-publish","hentry"],"_links":{"self":[{"href":"https:\/\/elenagareppe.com\/es_es\/wp-json\/wp\/v2\/pages\/327","targetHints":{"allow":["GET"]}}],"collection":[{"href":"https:\/\/elenagareppe.com\/es_es\/wp-json\/wp\/v2\/pages"}],"about":[{"href":"https:\/\/elenagareppe.com\/es_es\/wp-json\/wp\/v2\/types\/page"}],"author":[{"embeddable":true,"href":"https:\/\/elenagareppe.com\/es_es\/wp-json\/wp\/v2\/users\/1"}],"replies":[{"embeddable":true,"href":"https:\/\/elenagareppe.com\/es_es\/wp-json\/wp\/v2\/comments?post=327"}],"version-history":[{"count":0,"href":"https:\/\/elenagareppe.com\/es_es\/wp-json\/wp\/v2\/pages\/327\/revisions"}],"wp:attachment":[{"href":"https:\/\/elenagareppe.com\/es_es\/wp-json\/wp\/v2\/media?parent=327"}],"curies":[{"name":"wp","href":"https:\/\/api.w.org\/{rel}","templated":true}]}}